{"id":22526,"date":"2019-07-04T10:25:10","date_gmt":"2019-07-04T08:25:10","guid":{"rendered":"https:\/\/praxis-palcu.de\/?page_id=22526"},"modified":"2025-06-05T17:29:16","modified_gmt":"2025-06-05T15:29:16","slug":"abordare","status":"publish","type":"page","link":"https:\/\/praxis-palcu.de\/ro\/abordare\/","title":{"rendered":"Abordare"},"content":{"rendered":"<div class=\"wpb-content-wrapper\"><p>[vc_row css=&#8221;.vc_custom_1747666914761{margin-bottom: 50px !important;}&#8221;][vc_column width=&#8221;1\/2&#8243;]<div class='dt-sc-contact-info type2  ' data-delay='0'><span class='fa fa-phone'> <\/span><h6>Da\u021bi-ne un telefon<\/h6>Telefon: <a href=\"tel:0821418177\">0821418177<\/a> <br> sau Telefon: <a href=\"tel: 08212795880\">08212795880<\/a> <br> Fax: <a href=\"tel:08212191971\">08212191971<\/a><\/div>[\/vc_column][vc_column width=&#8221;1\/2&#8243;]<div class='dt-sc-contact-info type2  ' data-delay='0'><span class='zmdi zmdi-pin zmdi-hc-fw'> <\/span><h6>Loca\u021bia noastr\u0103<\/h6>Donauw\u00f6rther Str. 49 <br> 86154, Augsburg<\/div>[\/vc_column][\/vc_row][vc_row css=&#8221;.vc_custom_1747667058932{margin-bottom: 50px !important;}&#8221;][vc_column width=&#8221;1\/2&#8243;]<div class='dt-sc-contact-info type2  ' data-delay='0'><span class='fa fa-car'> <\/span><h6>Ma\u0219in\u0103<\/h6>Nu exist\u0103 parcare disponibil\u0103 \u00een fa\u021ba casei<\/div>[\/vc_column][vc_column width=&#8221;1\/2&#8243;]<div class='dt-sc-contact-info type2  ' data-delay='0'><span class='fa fa-tram'> <\/span><h6>Tramvai<\/h6>K\u00f6nigsplatz -&gt; 4. Stra\u00dfenbahn -&gt; B\u00e4renwirt ie\u0219i\u021bi<\/div>[\/vc_column][\/vc_row][vc_row][vc_column]<h2 class=\"title-decoration \" data-delay='0'>Cl\u0103direa noastr\u0103 de cabinet medical<\/h2>[vc_row_inner][vc_column_inner width=&#8221;1\/2&#8243;][vc_single_image image=&#8221;22328&#8243; img_size=&#8221;full&#8221; alignment=&#8221;right&#8221; css=&#8221;&#8221;][\/vc_column_inner][vc_column_inner width=&#8221;1\/2&#8243;][vc_single_image image=&#8221;22326&#8243; img_size=&#8221;full&#8221; css=&#8221;&#8221;][\/vc_column_inner][\/vc_row_inner][\/vc_column][\/vc_row][vc_row full_width=&#8221;stretch_row_content_no_spaces&#8221;][vc_column][vc_gmaps link=&#8221;#E-8_JTNDaWZyYW1lJTIwc3JjJTNEJTIyaHR0cHMlM0ElMkYlMkZ3d3cuZ29vZ2xlLmNvbSUyRm1hcHMlMkZlbWJlZCUzRnBiJTNEJTIxMW0xOCUyMTFtMTIlMjExbTMlMjExZDMxMzIuNzU3NDcxNzk3MDUxJTIxMmQxMC44Nzc3OTUyNzY5MDY0MTElMjEzZDQ4LjM4NDg2MTM3MTI3MTg0NiUyMTJtMyUyMTFmMCUyMTJmMCUyMTNmMCUyMTNtMiUyMTFpMTAyNCUyMTJpNzY4JTIxNGYxMy4xJTIxM20zJTIxMW0yJTIxMXMweDQ3OWViZDE1ZjRkMDY2NjklMjUzQTB4NWRlOTQyM2ZkOTY3OTBiOCUyMTJzRG9uYXV3JTI1QzMlMjVCNnJ0aGVyJTI1MjBTdHIuJTI1MjA0OSUyMTVlMSUyMTNtMiUyMTFzZW4lMjEyc2RlJTIxNHYxNzQ0NjMyMjYxNjAzJTIxNW0yJTIxMXNlbiUyMTJzZGUlMjIlMjB3aWR0aCUzRCUyMjEwMCUyNSUyMiUyMGhlaWdodCUzRCUyMjQ1MCUyMiUyMHN0eWxlJTNEJTIyYm9yZGVyJTNBMCUzQiUyMiUyMGFsbG93ZnVsbHNjcmVlbiUzRCUyMiUyMiUyMGxvYWRpbmclM0QlMjJsYXp5JTIyJTIwcmVmZXJyZXJwb2xpY3klM0QlMjJuby1yZWZlcnJlci13aGVuLWRvd25ncmFkZSUyMiUzRSUzQyUyRmlmcmFtZSUzRQ==&#8221; css=&#8221;&#8221;][\/vc_column][\/vc_row]<\/p>\n<\/div>","protected":false},"excerpt":{"rendered":"<p>[vc_row css=&#8221;.vc_custom_1747666914761{margin-bottom: 50px !important;}&#8221;][vc_column width=&#8221;1\/2&#8243;][\/vc_column][vc_column width=&#8221;1\/2&#8243;][\/vc_column][\/vc_row][vc_row css=&#8221;.vc_custom_1747667058932{margin-bottom: 50px !important;}&#8221;][vc_column width=&#8221;1\/2&#8243;][\/vc_column][vc_column width=&#8221;1\/2&#8243;][\/vc_column][\/vc_row][vc_row][vc_column][vc_row_inner][vc_column_inner width=&#8221;1\/2&#8243;][vc_single_image image=&#8221;22328&#8243; img_size=&#8221;full&#8221; alignment=&#8221;right&#8221; css=&#8221;&#8221;][\/vc_column_inner][vc_column_inner width=&#8221;1\/2&#8243;][vc_single_image image=&#8221;22326&#8243; img_size=&#8221;full&#8221; css=&#8221;&#8221;][\/vc_column_inner][\/vc_row_inner][\/vc_column][\/vc_row][vc_row full_width=&#8221;stretch_row_content_no_spaces&#8221;][vc_column][vc_gmaps link=&#8221;#E-8_JTNDaWZyYW1lJTIwc3JjJTNEJTIyaHR0cHMlM0ElMkYlMkZ3d3cuZ29vZ2xlLmNvbSUyRm1hcHMlMkZlbWJlZCUzRnBiJTNEJTIxMW0xOCUyMTFtMTIlMjExbTMlMjExZDMxMzIuNzU3NDcxNzk3MDUxJTIxMmQxMC44Nzc3OTUyNzY5MDY0MTElMjEzZDQ4LjM4NDg2MTM3MTI3MTg0NiUyMTJtMyUyMTFmMCUyMTJmMCUyMTNmMCUyMTNtMiUyMTFpMTAyNCUyMTJpNzY4JTIxNGYxMy4xJTIxM20zJTIxMW0yJTIxMXMweDQ3OWViZDE1ZjRkMDY2NjklMjUzQTB4NWRlOTQyM2ZkOTY3OTBiOCUyMTJzRG9uYXV3JTI1QzMlMjVCNnJ0aGVyJTI1MjBTdHIuJTI1MjA0OSUyMTVlMSUyMTNtMiUyMTFzZW4lMjEyc2RlJTIxNHYxNzQ0NjMyMjYxNjAzJTIxNW0yJTIxMXNlbiUyMTJzZGUlMjIlMjB3aWR0aCUzRCUyMjEwMCUyNSUyMiUyMGhlaWdodCUzRCUyMjQ1MCUyMiUyMHN0eWxlJTNEJTIyYm9yZGVyJTNBMCUzQiUyMiUyMGFsbG93ZnVsbHNjcmVlbiUzRCUyMiUyMiUyMGxvYWRpbmclM0QlMjJsYXp5JTIyJTIwcmVmZXJyZXJwb2xpY3klM0QlMjJuby1yZWZlcnJlci13aGVuLWRvd25ncmFkZSUyMiUzRSUzQyUyRmlmcmFtZSUzRQ==&#8221; css=&#8221;&#8221;][\/vc_column][\/vc_row]<\/p>\n","protected":false},"author":2,"featured_media":0,"parent":0,"menu_order":0,"comment_status":"closed","ping_status":"closed","template":"","meta":{"inline_featured_image":false,"footnotes":""},"class_list":["post-22526","page","type-page","status-publish","hentry"],"_links":{"self":[{"href":"https:\/\/praxis-palcu.de\/ro\/wp-json\/wp\/v2\/pages\/22526","targetHints":{"allow":["GET"]}}],"collection":[{"href":"https:\/\/praxis-palcu.de\/ro\/wp-json\/wp\/v2\/pages"}],"about":[{"href":"https:\/\/praxis-palcu.de\/ro\/wp-json\/wp\/v2\/types\/page"}],"author":[{"embeddable":true,"href":"https:\/\/praxis-palcu.de\/ro\/wp-json\/wp\/v2\/users\/2"}],"replies":[{"embeddable":true,"href":"https:\/\/praxis-palcu.de\/ro\/wp-json\/wp\/v2\/comments?post=22526"}],"version-history":[{"count":0,"href":"https:\/\/praxis-palcu.de\/ro\/wp-json\/wp\/v2\/pages\/22526\/revisions"}],"wp:attachment":[{"href":"https:\/\/praxis-palcu.de\/ro\/wp-json\/wp\/v2\/media?parent=22526"}],"curies":[{"name":"wp","href":"https:\/\/api.w.org\/{rel}","templated":true}]}}