{"id":22588,"date":"2025-04-10T16:52:20","date_gmt":"2025-04-10T14:52:20","guid":{"rendered":"https:\/\/praxis-palcu.de\/?page_id=22588"},"modified":"2025-06-05T17:24:13","modified_gmt":"2025-06-05T15:24:13","slug":"examenul-cariologic","status":"publish","type":"page","link":"https:\/\/praxis-palcu.de\/ro\/examenul-cariologic\/","title":{"rendered":"Examenul cariologic"},"content":{"rendered":"<div class=\"wpb-content-wrapper\"><p>[vc_row][vc_column offset=&#8221;vc_hidden-md vc_hidden-sm vc_hidden-xs&#8221;]<div class=\"ult-animation  ult-animate-viewport  ult-no-mobile \" data-animate=\"fadeInDown\" data-animation-delay=\"0\" data-animation-duration=\"3\" data-animation-iteration=\"1\" style=\"opacity:0;\" data-opacity_start_effect=\"\"><h1 class=\"aligncenter \" data-delay='0'>Examenul cardiologic<\/h1><\/div>[vc_row_inner][vc_column_inner width=&#8221;1\/2&#8243;]<div class=\"ult-animation  ult-animate-viewport  ult-no-mobile \" data-animate=\"fadeInLeft\" data-animation-delay=\"0\" data-animation-duration=\"3\" data-animation-iteration=\"1\" style=\"opacity:0;\" data-opacity_start_effect=\"\">[vc_column_text css=&#8221;.vc_custom_1747384168085{margin-bottom: 0px !important;}&#8221;]<\/p>\n<p class=\"\" data-start=\"277\" data-end=\"725\">Inima este motorul corpului nostru &#8211; lucreaz\u0103 zi de zi, adesea f\u0103r\u0103 s\u0103 ne d\u0103m seama. De aceea, este cu at\u00e2t mai important s\u0103 \u00eei acord\u0103m o aten\u021bie regulat\u0103. Examinarea noastr\u0103 cardiologic\u0103 v\u0103 ofer\u0103 posibilitatea de a v\u0103 examina inima \u0219i \u00eentregul sistem circulator \u00een mod cuprinz\u0103tor \u0219i am\u0103nun\u021bit &#8211; fie ca parte a unui control preventiv, pentru a clarifica anumite afec\u021biuni sau pentru a monitoriza evolu\u021bia unei boli de inim\u0103 cunoscute.mul\u021bi oameni sufer\u0103 de simptome precum senza\u021bia de presiune \u00een piept, dificult\u0103\u021bi de respira\u021bie, ame\u021beli, palpita\u021bii sau performan\u021be generale slabe &#8211; adesea nespecifice, uneori \u00eensp\u0103im\u00e2nt\u0103toare. Noi lu\u0103m \u00een serios aceste simptome \u0219i le analiz\u0103m cu aten\u021bie. Scopul este s\u0103 recunoa\u0219tem cauzele posibile \u00eentr-un stadiu incipient, s\u0103 evalu\u0103m riscurile \u0219i s\u0103 discut\u0103m cu dumneavoastr\u0103 pa\u0219ii urm\u0103tori &#8211; fie c\u0103 este vorba de m\u0103suri preventive, tratamente specifice sau diagnostice suplimentare.<\/p>\n<p>[\/vc_column_text]<\/div>[\/vc_column_inner][vc_column_inner width=&#8221;1\/2&#8243;]<div class=\"ult-animation  ult-animate-viewport  ult-no-mobile \" data-animate=\"fadeInRight\" data-animation-delay=\"0\" data-animation-duration=\"3\" data-animation-iteration=\"1\" style=\"opacity:0;\" data-opacity_start_effect=\"\">[vc_column_text css=&#8221;.vc_custom_1747732366019{margin-bottom: 0px !important;}&#8221;]Ne concentr\u0103m nu numai pe metodele moderne de examinare, ci mai ales pe dumneavoastr\u0103 ca persoan\u0103. Dorim s\u0103 sim\u021bi\u021bi c\u0103 sunte\u021bi pe m\u00e2ini bune \u00een cabinetul nostru &#8211; cu suficient timp pentru \u00eentreb\u0103ri, o explica\u021bie inteligibil\u0103 a tuturor constat\u0103rilor \u0219i o atmosfer\u0103 caracterizat\u0103 de \u00eencredere \u0219i competen\u021b\u0103.<\/p>\n<p>Fie din motive de siguran\u021b\u0103, ca m\u0103sur\u0103 de precau\u021bie sau pentru c\u0103 ave\u021bi ceva \u00een minte de mult timp &#8211; examinarea noastr\u0103 cardiologic\u0103 v\u0103 ofer\u0103 claritatea pe care o merita\u021bi.[\/vc_column_text]<\/div>[\/vc_column_inner][\/vc_row_inner]<div id=\"1588761257891-8d28fc5c-ee44\" class=\"dt-sc-empty-space\"><\/div>[\/vc_column][\/vc_row][vc_row][vc_column offset=&#8221;vc_hidden-lg&#8221;]<div class=\"ult-animation  ult-animate-viewport  ult-no-mobile \" data-animate=\"fadeInDown\" data-animation-delay=\"0\" data-animation-duration=\"3\" data-animation-iteration=\"1\" style=\"opacity:0;\" data-opacity_start_effect=\"\"><h1 class=\"aligncenter \" data-delay='0'>Examenul cardiologic<\/h1><\/div>[vc_column_text css=&#8221;.vc_custom_1747732372691{margin-bottom: 0px !important;padding-bottom: 20px !important;}&#8221;]<\/p>\n<p class=\"\" data-start=\"277\" data-end=\"725\">Inima este motorul corpului nostru &#8211; lucreaz\u0103 zi de zi, adesea f\u0103r\u0103 s\u0103 ne d\u0103m seama. De aceea, este cu at\u00e2t mai important s\u0103 \u00eei acord\u0103m o aten\u021bie regulat\u0103. Examinarea noastr\u0103 cardiologic\u0103 v\u0103 ofer\u0103 posibilitatea de a v\u0103 examina inima \u0219i \u00eentregul sistem circulator \u00een mod cuprinz\u0103tor \u0219i am\u0103nun\u021bit &#8211; fie ca parte a unui control preventiv, pentru a clarifica anumite afec\u021biuni sau pentru a monitoriza evolu\u021bia unei boli de inim\u0103 cunoscute.mul\u021bi oameni sufer\u0103 de simptome precum senza\u021bia de presiune \u00een piept, dificult\u0103\u021bi de respira\u021bie, ame\u021beli, palpita\u021bii sau performan\u021be generale slabe &#8211; adesea nespecifice, uneori \u00eensp\u0103im\u00e2nt\u0103toare. Noi lu\u0103m \u00een serios aceste simptome \u0219i le analiz\u0103m cu aten\u021bie. Scopul este s\u0103 recunoa\u0219tem cauzele posibile \u00eentr-un stadiu incipient, s\u0103 evalu\u0103m riscurile \u0219i s\u0103 discut\u0103m cu dumneavoastr\u0103 pa\u0219ii urm\u0103tori &#8211; fie c\u0103 este vorba de m\u0103suri preventive, tratamente specifice sau diagnostice suplimentare.<\/p>\n<p>[\/vc_column_text][vc_row_inner][vc_column_inner]<div class=\"ult-animation  ult-animate-viewport  ult-no-mobile \" data-animate=\"fadeInLeft\" data-animation-delay=\"0\" data-animation-duration=\"3\" data-animation-iteration=\"1\" style=\"opacity:0;\" data-opacity_start_effect=\"\">[vc_raw_html css=&#8221;&#8221;]JTNDcCUyMGNsYXNzJTNEJTIydGV4dCUyMGNvbGxhcHNlZCUyMiUzRU5lJTIwY29uY2VudHIlQzQlODNtJTIwbnUlMjBudW1haSUyMHBlJTIwbWV0b2RlbGUlMjBtb2Rlcm5lJTIwZGUlMjBleGFtaW5hcmUlMkMlMjBjaSUyMG1haSUyMGFsZXMlMjBwZSUyMGR1bW5lYXZvYXN0ciVDNCU4MyUyMGNhJTIwcGVyc29hbiVDNCU4My4lMjBEb3JpbSUyMHMlQzQlODMlMjBzaW0lQzglOUJpJUM4JTlCaSUyMGMlQzQlODMlMjBzdW50ZSVDOCU5QmklMjBwZSUyMG0lQzMlQTJpbmklMjBidW5lJTIwJUMzJUFFbiUyMGNhYmluZXR1bCUyMG5vc3RydSUyMC0lMjBjdSUyMHN1ZmljaWVudCUyMHRpbXAlMjBwZW50cnUlMjAlQzMlQUVudHJlYiVDNCU4M3JpJTJDJTIwbyUyMGV4cGxpY2ElQzglOUJpZSUyMGludGVsaWdpYmlsJUM0JTgzJTIwYSUyMHR1dHVyb3IlMjBjb25zdGF0JUM0JTgzcmlsb3IlMjAlQzglOTlpJTIwbyUyMGF0bW9zZmVyJUM0JTgzJTIwY2FyYWN0ZXJpemF0JUM0JTgzJTIwZGUlMjAlQzMlQUVuY3JlZGVyZSUyMCVDOCU5OWklMjBjb21wZXRlbiVDOCU5QiVDNCU4My4lMEElMEFGaWUlMjBkaW4lMjBtb3RpdmUlMjBkZSUyMHNpZ3VyYW4lQzglOUIlQzQlODMlMkMlMjBjYSUyMG0lQzQlODNzdXIlQzQlODMlMjBkZSUyMHByZWNhdSVDOCU5QmllJTIwc2F1JTIwcGVudHJ1JTIwYyVDNCU4MyUyMGF2ZSVDOCU5QmklMjBjZXZhJTIwJUMzJUFFbiUyMG1pbnRlJTIwZGUlMjBtdWx0JTIwdGltcCUyMC0lMjBleGFtaW5hcmVhJTIwbm9hc3RyJUM0JTgzJTIwY2FyZGlvbG9naWMlQzQlODMlMjB2JUM0JTgzJTIwb2ZlciVDNCU4MyUyMGNsYXJpdGF0ZWElMjBwZSUyMGNhcmUlMjBvJTIwbWVyaXRhJUM4JTlCaS4lM0MlMkZwJTNFJTBBJTBBJTNDYnV0dG9uJTIwY2xhc3MlM0QlMjJ0b2dnbGVidG4lMjIlM0VDaXRlJUM4JTk5dGUlMjBtYWklMjBtdWx0JTNDJTJGYnV0dG9uJTNFJTBBJTBBJTNDc2NyaXB0JTNFJTBBZG9jdW1lbnQuYWRkRXZlbnRMaXN0ZW5lciUyOCUyMkRPTUNvbnRlbnRMb2FkZWQlMjIlMkMlMjBmdW5jdGlvbiUyMCUyOCUyOSUyMCU3QiUwQSUyMCUyMGNvbnN0JTIwYnV0dG9ucyUyMCUzRCUyMGRvY3VtZW50LmdldEVsZW1lbnRzQnlDbGFzc05hbWUlMjglMjJ0b2dnbGVidG4lMjIlMjklM0IlMEElMEElMjAlMjBmb3IlMjAlMjhsZXQlMjBpJTIwJTNEJTIwMCUzQiUyMGklMjAlM0MlMjBidXR0b25zLmxlbmd0aCUzQiUyMGklMkIlMkIlMjklMjAlN0IlMEElMjAlMjAlMjAlMjBidXR0b25zJTVCaSU1RC5hZGRFdmVudExpc3RlbmVyJTI4JTIyY2xpY2slMjIlMkMlMjBmdW5jdGlvbiUyMCUyOCUyOSUyMCU3QiUwQSUyMCUyMCUyMCUyMCUyMCUyMGNvbnN0JTIwdGV4dCUyMCUzRCUyMHRoaXMucHJldmlvdXNFbGVtZW50U2libGluZyUzQiUwQSUwQSUyMCUyMCUyMCUyMCUyMCUyMHRleHQuY2xhc3NMaXN0LnRvZ2dsZSUyOCUyMmNvbGxhcHNlZCUyMiUyOSUzQiUwQSUyMCUyMCUyMCUyMCUyMCUyMHRoaXMudGV4dENvbnRlbnQlMjAlM0QlMjB0ZXh0LmNsYXNzTGlzdC5jb250YWlucyUyOCUyMmNvbGxhcHNlZCUyMiUyOSUyMCUzRiUyMCUyMkNpdGUlQzglOTl0ZSUyMG1haSUyMG11bHQlMjIlMjAlM0ElMjAlMjJDaXRlJUM4JTk5dGUlMjBtYWklMjBwdSVDOCU5QmluJTIyJTNCJTBBJTIwJTIwJTIwJTIwJTdEJTI5JTNCJTBBJTIwJTIwJTdEJTBBJTdEJTI5JTNCJTBBJTNDJTJGc2NyaXB0JTNF[\/vc_raw_html]<\/div>[\/vc_column_inner][\/vc_row_inner]<div id=\"1747729396820-1ba0aa43-7a82\" class=\"dt-sc-empty-space\"><\/div>[\/vc_column][\/vc_row][vc_row full_width=&#8221;stretch_row&#8221; css=&#8221;.vc_custom_1589801803668{background-color: #fafafa !important;}&#8221; el_class=&#8221;left-right-padding&#8221;][vc_column]<div class=\"ult-animation  ult-animate-viewport  ult-no-mobile  vc_custom_1747664391416\" data-animate=\"fadeInDown\" data-animation-delay=\"0\" data-animation-duration=\"3\" data-animation-iteration=\"1\" style=\"opacity:0;\" data-opacity_start_effect=\"\"><h3 class=\"aligncenter \" data-delay='0'>Procedura de examinare<\/h3><\/div><div class=\"ult-animation  ult-animate-viewport  ult-no-mobile \" data-animate=\"fadeInDown\" data-animation-delay=\"0\" data-animation-duration=\"3\" data-animation-iteration=\"1\" style=\"opacity:0;\" data-opacity_start_effect=\"\"><div class='dt-sc-tabs-horizontal-container  custom-img-title' data-effect='fade' data-delay='0'><ul class='dt-sc-tabs-horizontal'><li><a href=\"javascript:void(0);\"><img loading=\"lazy\" decoding=\"async\" width=\"78\" height=\"78\" src=\"https:\/\/praxis-palcu.de\/wp-content\/uploads\/2025\/04\/speech-bubble.webp\" class=\"attachment-full\" alt=\"\" title=\"speech-bubble\" \/>Istoricul medical -<br \/>\nconsulta\u021bia medical\u0103<\/a><\/li><li><a href=\"javascript:void(0);\"><img loading=\"lazy\" decoding=\"async\" width=\"78\" height=\"78\" src=\"https:\/\/praxis-palcu.de\/wp-content\/uploads\/2025\/04\/body-check.webp\" class=\"attachment-full\" alt=\"\" title=\"body-check\" \/>Examinarea<br \/>\nfizic\u0103<\/a><\/li><li><a href=\"javascript:void(0);\"><img loading=\"lazy\" decoding=\"async\" width=\"78\" height=\"78\" src=\"https:\/\/praxis-palcu.de\/wp-content\/uploads\/2025\/04\/diagnostic.webp\" class=\"attachment-full\" alt=\"\" title=\"diagnostic\" \/>Diagnosticarea<br \/>\naparatelor<\/a><\/li><li><a href=\"javascript:void(0);\"><img loading=\"lazy\" decoding=\"async\" width=\"78\" height=\"78\" src=\"https:\/\/praxis-palcu.de\/wp-content\/uploads\/2025\/06\/blood-test.webp\" class=\"attachment-full\" alt=\"\" title=\"blood-test\" \/>Teste de laborator<br \/>\n(dac\u0103 este necesar)<\/a><\/li><li><a href=\"javascript:void(0);\"><img loading=\"lazy\" decoding=\"async\" width=\"78\" height=\"78\" src=\"https:\/\/praxis-palcu.de\/wp-content\/uploads\/2025\/04\/exam-results.webp\" class=\"attachment-full\" alt=\"\" title=\"exam-results\" \/>Evaluare \u0219i<br \/>\nconsiliere medical\u0103<\/a><\/li><\/ul><div class='dt-sc-tabs-horizontal-content'>[vc_row_inner][vc_column_inner width=&#8221;1\/6&#8243;][\/vc_column_inner][vc_column_inner width=&#8221;2\/3&#8243;][vc_column_text css=&#8221;&#8221;]Primul pas este s\u0103 ne facem timp pentru o discu\u021bie detaliat\u0103 cu dumneavoastr\u0103. Vom \u00eenregistra<\/p>\n<p>\u2022 Simptomele dumneavoastr\u0103 actuale (de exemplu, dureri \u00een piept, palpita\u021bii, dificult\u0103\u021bi de respira\u021bie, ame\u021beli)<\/p>\n<p>\u2022\u00a0istoricul dumneavoastr\u0103 medical personal<\/p>\n<p>\u2022\u00a0Antecedentele familiale (de exemplu, atac de cord, hipertensiune arterial\u0103)<\/p>\n<p>\u2022\u00a0Obiceiuri legate de stilul de via\u021b\u0103 (de exemplu, fumat, diet\u0103, exerci\u021bii fizice, stres)[\/vc_column_text][\/vc_column_inner][vc_column_inner width=&#8221;1\/6&#8243;][\/vc_column_inner][\/vc_row_inner]<\/div><div class='dt-sc-tabs-horizontal-content'>[vc_row_inner][vc_column_inner width=&#8221;1\/6&#8243;][\/vc_column_inner][vc_column_inner width=&#8221;2\/3&#8243;][vc_column_text css=&#8221;&#8221;]\u2022\u00a0M\u0103surarea tensiunii arteriale \u0219i verificarea pulsului<\/p>\n<p>\u2022\u00a0Ascultarea inimii \u0219i a pl\u0103m\u00e2nilor<\/p>\n<p>\u2022\u00a0Palparea vaselor de s\u00e2nge, \u00een special la nivelul g\u00e2tului \u0219i picioarelor<\/p>\n<p>\u2022\u00a0Evaluarea general\u0103 a circula\u021biei \u0219i a st\u0103rii fizice[\/vc_column_text][\/vc_column_inner][vc_column_inner width=&#8221;1\/6&#8243;][\/vc_column_inner][\/vc_row_inner]<\/div><div class='dt-sc-tabs-horizontal-content'>[vc_row_inner][vc_column_inner width=&#8221;1\/6&#8243;][\/vc_column_inner][vc_column_inner width=&#8221;2\/3&#8243;][vc_column_text css=&#8221;&#8221;]Urm\u0103toarele proceduri sunt utilizate \u00een func\u021bie de simptome sau de nevoia de \u00eengrijire preventiv\u0103:<\/p>\n<p>\u2022\u00a0<strong>ECG \u00een repaus<\/strong>: m\u0103surarea activit\u0103\u021bii electrice a inimii \u00een repaus<\/p>\n<p>\u2022\u00a0<strong>ECG de efort (ergometrie)<\/strong>: Evaluarea func\u021biei cardiace \u00een condi\u021bii de stres<\/p>\n<p>\u2022\u00a0<strong>ECG pe termen lung (24-48h)<\/strong>: Detectarea aritmiilor cardiace \u00een via\u021ba de zi cu zi<\/p>\n<p>\u2022\u00a0<strong>M\u0103surarea tensiunii arteriale pe termen lung<\/strong>: monitorizarea tensiunii arteriale timp de 24 de ore<\/p>\n<p>\u2022\u00a0<strong>Ecocardiografie (ultrasunete cardiace)<\/strong>: Examinarea structurii, a valvelor \u0219i a func\u021biei inimii<\/p>\n<p>\u2022\u00a0<strong>Ecografie Doppler\/duplex<\/strong>: examinare vascular\u0103 pentru tulbur\u0103ri circulatorii[\/vc_column_text][\/vc_column_inner][vc_column_inner width=&#8221;1\/6&#8243;][\/vc_column_inner][\/vc_row_inner]<\/div><div class='dt-sc-tabs-horizontal-content'>[vc_row_inner][vc_column_inner width=&#8221;1\/6&#8243;][\/vc_column_inner][vc_column_inner width=&#8221;2\/3&#8243;][vc_column_text css=&#8221;&#8221;]\u2022\u00a0Hemoleucograma \u0219i glicemia<\/p>\n<p>\u2022\u00a0Nivelul colesterolului (HDL, LDL, trigliceride)<\/p>\n<p>\u2022\u00a0Markerii specifici inimii (de exemplu, troponina, BNP)<\/p>\n<p>\u2022\u00a0Valorile tiroidiene (pot influen\u021ba ritmul cardiac)[\/vc_column_text][\/vc_column_inner][vc_column_inner width=&#8221;1\/6&#8243;][\/vc_column_inner][\/vc_row_inner]<\/div><div class='dt-sc-tabs-horizontal-content'>[vc_row_inner][vc_column_inner width=&#8221;1\/6&#8243;][\/vc_column_inner][vc_column_inner width=&#8221;2\/3&#8243;][vc_column_text css=&#8221;&#8221;]Dup\u0103 ce toate examin\u0103rile au fost finalizate, le vom discuta cu dumneavoastr\u0103 \u00een detaliu:<\/p>\n<p>\u2022\u00a0Constat\u0103rile dumneavoastr\u0103 \u0219i semnifica\u021bia lor<\/p>\n<p>\u2022\u00a0Factori de risc sau anomalii posibile<\/p>\n<p>\u2022\u00a0Recomand\u0103ri de tratament sau m\u0103suri suplimentare (de exemplu, tratament medicamentos, consiliere privind stilul de via\u021b\u0103, trimitere la speciali\u0219ti)<\/p>\n<p>\u2022\u00a0La cerere, ve\u021bi primi un raport scris al constat\u0103rilor[\/vc_column_text][\/vc_column_inner][vc_column_inner width=&#8221;1\/6&#8243;][\/vc_column_inner][\/vc_row_inner]<\/div><\/div><\/div><div id=\"1589801468980-97ecf6be-7589\" class=\"dt-sc-empty-space\"><\/div>[\/vc_column][\/vc_row]<\/p>\n<\/div>","protected":false},"excerpt":{"rendered":"<p>[vc_row][vc_column offset=&#8221;vc_hidden-md vc_hidden-sm vc_hidden-xs&#8221;][vc_row_inner][vc_column_inner width=&#8221;1\/2&#8243;][\/vc_column_inner][vc_column_inner width=&#8221;1\/2&#8243;][\/vc_column_inner][\/vc_row_inner][\/vc_column][\/vc_row][vc_row][vc_column offset=&#8221;vc_hidden-lg&#8221;][vc_column_text css=&#8221;.vc_custom_1747732372691{margin-bottom: 0px !important;padding-bottom: 20px !important;}&#8221;] Inima este motorul corpului nostru &#8211; lucreaz\u0103 zi de zi, adesea f\u0103r\u0103 s\u0103 ne d\u0103m seama. De aceea, este cu at\u00e2t mai important s\u0103 \u00eei acord\u0103m o aten\u021bie regulat\u0103. Examinarea noastr\u0103 cardiologic\u0103 v\u0103 ofer\u0103 posibilitatea de a v\u0103 examina inima \u0219i \u00eentregul sistem [&hellip;]<\/p>\n","protected":false},"author":2,"featured_media":0,"parent":0,"menu_order":0,"comment_status":"closed","ping_status":"closed","template":"","meta":{"inline_featured_image":false,"footnotes":""},"class_list":["post-22588","page","type-page","status-publish","hentry"],"_links":{"self":[{"href":"https:\/\/praxis-palcu.de\/ro\/wp-json\/wp\/v2\/pages\/22588","targetHints":{"allow":["GET"]}}],"collection":[{"href":"https:\/\/praxis-palcu.de\/ro\/wp-json\/wp\/v2\/pages"}],"about":[{"href":"https:\/\/praxis-palcu.de\/ro\/wp-json\/wp\/v2\/types\/page"}],"author":[{"embeddable":true,"href":"https:\/\/praxis-palcu.de\/ro\/wp-json\/wp\/v2\/users\/2"}],"replies":[{"embeddable":true,"href":"https:\/\/praxis-palcu.de\/ro\/wp-json\/wp\/v2\/comments?post=22588"}],"version-history":[{"count":0,"href":"https:\/\/praxis-palcu.de\/ro\/wp-json\/wp\/v2\/pages\/22588\/revisions"}],"wp:attachment":[{"href":"https:\/\/praxis-palcu.de\/ro\/wp-json\/wp\/v2\/media?parent=22588"}],"curies":[{"name":"wp","href":"https:\/\/api.w.org\/{rel}","templated":true}]}}