{"id":22594,"date":"2025-04-10T16:53:59","date_gmt":"2025-04-10T14:53:59","guid":{"rendered":"https:\/\/praxis-palcu.de\/?page_id=22594"},"modified":"2025-06-05T17:24:43","modified_gmt":"2025-06-05T15:24:43","slug":"pregatirea-diferitelor-certificate","status":"publish","type":"page","link":"https:\/\/praxis-palcu.de\/ro\/pregatirea-diferitelor-certificate\/","title":{"rendered":"Preg\u0103tirea diferitelor certificate"},"content":{"rendered":"<div class=\"wpb-content-wrapper\"><p>[vc_row][vc_column]<div class=\"ult-animation  ult-animate-viewport  ult-no-mobile \" data-animate=\"fadeInDown\" data-animation-delay=\"0\" data-animation-duration=\"3\" data-animation-iteration=\"1\" style=\"opacity:0;\" data-opacity_start_effect=\"\"><h1 class=\"aligncenter \" data-delay='0'>Preg\u0103tirea diferitelor certificate<\/h1><\/div>[vc_row_inner][vc_column_inner width=&#8221;1\/2&#8243;]<div class=\"ult-animation  ult-animate-viewport  ult-no-mobile \" data-animate=\"fadeInLeft\" data-animation-delay=\"0\" data-animation-duration=\"3\" data-animation-iteration=\"1\" style=\"opacity:0;\" data-opacity_start_effect=\"\">[vc_column_text css=&#8221;.vc_custom_1747384762749{margin-bottom: 0px !important;}&#8221;]Fie pentru \u0219coal\u0103, munc\u0103, sport, c\u0103l\u0103torii sau \u00een scopuri private &#8211; eliber\u0103m certificatele medicale de care ave\u021bi nevoie \u00een mod fiabil \u0219i individual. Dup\u0103 o scurt\u0103 examinare sau consulta\u021bie, ve\u021bi primi un certificat care este adaptat exact situa\u021biei dumneavoastr\u0103.<\/p>\n<p><strong>Exemple de certificate comune:<\/strong><\/p>\n<p>\u2022\u00a0Certificate \u0219colare \u0219i de formare (de exemplu, incapacitatea de a sus\u021bine examene)<\/p>\n<p>\u2022\u00a0Certificate de incapacitate de munc\u0103<\/p>\n<p>\u2022\u00a0Certificate pentru sport \u0219i fitness<\/p>\n<p>\u2022\u00a0Certificate de c\u0103l\u0103torie, de vaccinare \u0219i de navigabilitate[\/vc_column_text]<\/div>[\/vc_column_inner][vc_column_inner width=&#8221;1\/2&#8243;]<div class=\"ult-animation  ult-animate-viewport  ult-no-mobile \" data-animate=\"fadeInRight\" data-animation-delay=\"0\" data-animation-duration=\"3\" data-animation-iteration=\"1\" style=\"opacity:0;\" data-opacity_start_effect=\"\">[vc_column_text css=&#8221;.vc_custom_1747384789114{margin-bottom: 0px !important;}&#8221;]\u2022\u00a0Certificate pentru autorit\u0103\u021bi, companii de asigur\u0103ri sau angajatori<\/p>\n<p>\u2022\u00a0Recomand\u0103ri de vindecare, reabilitare sau terapie<\/p>\n<p>\u2022\u00a0Certificate pentru boli cronice sau sarcini speciale<\/p>\n<p>V\u0103 rug\u0103m s\u0103 re\u021bine\u021bi: Unele certificate nu sunt acoperite de asigurarea legal\u0103 de s\u0103n\u0103tate \u0219i trebuie pl\u0103tite \u00een regim privat ca servicii medicale individuale (IGeL). Desigur, v\u0103 vom informa \u00een prealabil cu privire la eventualele costuri.<\/p>\n<p>Pur \u0219i simplu face\u021bi o programare &#8211; v\u0103 vom consilia cu pl\u0103cere \u0219i ne vom ocupa de eliberarea certificatului dumneavoastr\u0103.[\/vc_column_text]<\/div>[\/vc_column_inner][\/vc_row_inner]<div id=\"1588761257891-8d28fc5c-ee44\" class=\"dt-sc-empty-space\"><\/div>[\/vc_column][\/vc_row][vc_row full_width=&#8221;stretch_row&#8221; css=&#8221;.vc_custom_1589801803668{background-color: #fafafa !important;}&#8221; el_class=&#8221;left-right-padding&#8221;][vc_column]<div class=\"ult-animation  ult-animate-viewport  ult-no-mobile  vc_custom_1747734417093\" data-animate=\"fadeInDown\" data-animation-delay=\"0\" data-animation-duration=\"3\" data-animation-iteration=\"1\" style=\"opacity:0;\" data-opacity_start_effect=\"\"><h3 class=\"aligncenter \" data-delay='0'>Procedura de examinare<\/h3><\/div><div class=\"ult-animation  ult-animate-viewport  ult-no-mobile \" data-animate=\"fadeInDown\" data-animation-delay=\"0\" data-animation-duration=\"3\" data-animation-iteration=\"1\" style=\"opacity:0;\" data-opacity_start_effect=\"\"><div class='dt-sc-tabs-horizontal-container  custom-img-title' data-effect='fade' data-delay='0'><ul class='dt-sc-tabs-horizontal'><li><a href=\"javascript:void(0);\"><img loading=\"lazy\" decoding=\"async\" width=\"78\" height=\"78\" src=\"https:\/\/praxis-palcu.de\/wp-content\/uploads\/2025\/04\/appointment.webp\" class=\"attachment-full\" alt=\"\" title=\"appointment\" \/>Cerere de informa\u021bii<br \/>\n\u0219i programare<\/a><\/li><li><a href=\"javascript:void(0);\"><img loading=\"lazy\" decoding=\"async\" width=\"78\" height=\"78\" src=\"https:\/\/praxis-palcu.de\/wp-content\/uploads\/2025\/04\/doctor.webp\" class=\"attachment-full\" alt=\"\" title=\"doctor\" \/>Interviu medical<br \/>\n(istoricul medical)<\/a><\/li><li><a href=\"javascript:void(0);\"><img loading=\"lazy\" decoding=\"async\" width=\"78\" height=\"78\" src=\"https:\/\/praxis-palcu.de\/wp-content\/uploads\/2025\/04\/body-check.webp\" class=\"attachment-full\" alt=\"\" title=\"body-check\" \/>Examinare<br \/>\n(dac\u0103 este necesar)<\/a><\/li><li><a href=\"javascript:void(0);\"><img loading=\"lazy\" decoding=\"async\" width=\"78\" height=\"78\" src=\"https:\/\/praxis-palcu.de\/wp-content\/uploads\/2025\/06\/approved.webp\" class=\"attachment-full\" alt=\"\" title=\"approved\" \/>Eliberarea<br \/>\ncertificatului<\/a><\/li><li><a href=\"javascript:void(0);\"><img loading=\"lazy\" decoding=\"async\" width=\"78\" height=\"78\" src=\"https:\/\/praxis-palcu.de\/wp-content\/uploads\/2025\/04\/info.webp\" class=\"attachment-full\" alt=\"\" title=\"info\" \/>Informa\u021bii privind costurile<br \/>\n(dac\u0103 sunt private)<\/a><\/li><\/ul><div class='dt-sc-tabs-horizontal-content'>[vc_row_inner][vc_column_inner width=&#8221;1\/6&#8243;][\/vc_column_inner][vc_column_inner width=&#8221;2\/3&#8243;][vc_column_text css=&#8221;&#8221;]Contacta\u021bi-ne prin telefon, e-mail sau prin formularul nostru de contact \u0219i spune\u021bi-ne ce certificat dori\u021bi. \u00cen multe cazuri, este necesar\u0103 o scurt\u0103 examinare sau consultare &#8211; vom fi bucuro\u0219i s\u0103 stabilim o \u00eent\u00e2lnire corespunz\u0103toare.<\/p>\n<p>[\/vc_column_text][\/vc_column_inner][vc_column_inner width=&#8221;1\/6&#8243;][\/vc_column_inner][\/vc_row_inner]<\/div><div class='dt-sc-tabs-horizontal-content'>[vc_row_inner][vc_column_inner width=&#8221;1\/6&#8243;][\/vc_column_inner][vc_column_inner width=&#8221;2\/3&#8243;][vc_column_text css=&#8221;&#8221;]La \u00eent\u00e2lnire, vom clarifica \u00eempreun\u0103 motivul pentru certificatul dorit. Vom discuta despre pl\u00e2ngerile dumneavoastr\u0103, bolile anterioare sau alte informa\u021bii relevante.<\/p>\n<p>[\/vc_column_text][\/vc_column_inner][vc_column_inner width=&#8221;1\/6&#8243;][\/vc_column_inner][\/vc_row_inner]<\/div><div class='dt-sc-tabs-horizontal-content'>[vc_row_inner][vc_column_inner width=&#8221;1\/6&#8243;][\/vc_column_inner][vc_column_inner width=&#8221;2\/3&#8243;][vc_column_text css=&#8221;&#8221;]\u00cen func\u021bie de tipul de certificat, efectu\u0103m un examen fizic sau anumite m\u0103sur\u0103tori, de exemplu, verificarea tensiunii arteriale, monitorizarea inimii\/pulmonilor, verificarea condi\u021biei fizice sau verificarea statutului imuniz\u0103rii.<\/p>\n<p>[\/vc_column_text][\/vc_column_inner][vc_column_inner width=&#8221;1\/6&#8243;][\/vc_column_inner][\/vc_row_inner]<\/div><div class='dt-sc-tabs-horizontal-content'>[vc_row_inner][vc_column_inner width=&#8221;1\/6&#8243;][\/vc_column_inner][vc_column_inner width=&#8221;2\/3&#8243;][vc_column_text css=&#8221;&#8221;]Dup\u0103 evaluarea medicului, certificatul corespunz\u0103tor va fi preg\u0103tit individual pentru dumneavoastr\u0103 \u0219i v\u0103 va fi \u00eenm\u00e2nat direct sau trimis digital\/prin po\u0219t\u0103, la cerere.<\/p>\n<p>[\/vc_column_text][\/vc_column_inner][vc_column_inner width=&#8221;1\/6&#8243;][\/vc_column_inner][\/vc_row_inner]<\/div><div class='dt-sc-tabs-horizontal-content'>[vc_row_inner][vc_column_inner width=&#8221;1\/6&#8243;][\/vc_column_inner][vc_column_inner width=&#8221;2\/3&#8243;][vc_column_text css=&#8221;&#8221;]Unele certificate nu sunt acoperite de asigurarea de s\u0103n\u0103tate legal\u0103. \u00cen acest caz, v\u0103 vom informa \u00een mod transparent cu privire la costurile suportate \u00eenainte de eliberarea certificatului.<\/p>\n<p>[\/vc_column_text][\/vc_column_inner][vc_column_inner width=&#8221;1\/6&#8243;][\/vc_column_inner][\/vc_row_inner]<\/div><\/div><\/div>[\/vc_column][\/vc_row]<\/p>\n<\/div>","protected":false},"excerpt":{"rendered":"<p>[vc_row][vc_column][vc_row_inner][vc_column_inner width=&#8221;1\/2&#8243;][\/vc_column_inner][vc_column_inner width=&#8221;1\/2&#8243;][\/vc_column_inner][\/vc_row_inner][\/vc_column][\/vc_row][vc_row full_width=&#8221;stretch_row&#8221; css=&#8221;.vc_custom_1589801803668{background-color: #fafafa !important;}&#8221; el_class=&#8221;left-right-padding&#8221;][vc_column][\/vc_column][\/vc_row]<\/p>\n","protected":false},"author":2,"featured_media":0,"parent":0,"menu_order":0,"comment_status":"closed","ping_status":"closed","template":"","meta":{"inline_featured_image":false,"footnotes":""},"class_list":["post-22594","page","type-page","status-publish","hentry"],"_links":{"self":[{"href":"https:\/\/praxis-palcu.de\/ro\/wp-json\/wp\/v2\/pages\/22594","targetHints":{"allow":["GET"]}}],"collection":[{"href":"https:\/\/praxis-palcu.de\/ro\/wp-json\/wp\/v2\/pages"}],"about":[{"href":"https:\/\/praxis-palcu.de\/ro\/wp-json\/wp\/v2\/types\/page"}],"author":[{"embeddable":true,"href":"https:\/\/praxis-palcu.de\/ro\/wp-json\/wp\/v2\/users\/2"}],"replies":[{"embeddable":true,"href":"https:\/\/praxis-palcu.de\/ro\/wp-json\/wp\/v2\/comments?post=22594"}],"version-history":[{"count":0,"href":"https:\/\/praxis-palcu.de\/ro\/wp-json\/wp\/v2\/pages\/22594\/revisions"}],"wp:attachment":[{"href":"https:\/\/praxis-palcu.de\/ro\/wp-json\/wp\/v2\/media?parent=22594"}],"curies":[{"name":"wp","href":"https:\/\/api.w.org\/{rel}","templated":true}]}}