{"id":22602,"date":"2025-04-10T17:03:12","date_gmt":"2025-04-10T15:03:12","guid":{"rendered":"https:\/\/praxis-palcu.de\/?page_id=22602"},"modified":"2025-06-05T17:25:49","modified_gmt":"2025-06-05T15:25:49","slug":"consult-de-preventie-a-cancerului","status":"publish","type":"page","link":"https:\/\/praxis-palcu.de\/ro\/consult-de-preventie-a-cancerului\/","title":{"rendered":"Consult de preven\u021bie a cancerului"},"content":{"rendered":"<div class=\"wpb-content-wrapper\"><p>[vc_row][vc_column offset=&#8221;vc_hidden-md vc_hidden-sm vc_hidden-xs&#8221;]<div class=\"ult-animation  ult-animate-viewport  ult-no-mobile \" data-animate=\"fadeInDown\" data-animation-delay=\"0\" data-animation-duration=\"3\" data-animation-iteration=\"1\" style=\"opacity:0;\" data-opacity_start_effect=\"\"><h1 class=\"aligncenter \" data-delay='0'>Screening pentru depistarea cancerului<\/h1><\/div><div id=\"1588761204450-f2e58588-e306\" class=\"dt-sc-empty-space\"><\/div>[vc_row_inner][vc_column_inner width=&#8221;1\/2&#8243;]<div class=\"ult-animation  ult-animate-viewport  ult-no-mobile \" data-animate=\"fadeInLeft\" data-animation-delay=\"0\" data-animation-duration=\"3\" data-animation-iteration=\"1\" style=\"opacity:0;\" data-opacity_start_effect=\"\">[vc_column_text css=&#8221;.vc_custom_1747385752393{margin-bottom: 0px !important;}&#8221;]Depistarea precoce poate salva vie\u021bi \u2013 acest aspect este deosebit de important mai ales \u00een cazul cancerului. Multe tipuri de cancer nu provoac\u0103 simptome pe o perioad\u0103 \u00eendelungat\u0103 \u0219i astfel r\u0103m\u00e2n neobservate. Totu\u0219i, prin controale regulate pentru depistarea cancerului, pot fi detectate din timp modific\u0103rile din corp care pot indica o posibil\u0103 afec\u021biune malign\u0103 \u2013 adesea chiar \u00eenainte de apari\u021bia simptomelor. Cu c\u00e2t o modificare malign\u0103 este depistat\u0103 mai devreme, cu at\u00e2t cresc \u0219ansele de vindecare \u0219i tratamentul poate fi mai pu\u021bin invaziv.<\/p>\n<p>\u00cen cadrul cabinetului nostru v\u0103 oferim controale preventive cuprinz\u0103toare \u2013 adaptate individual \u00een func\u021bie de v\u00e2rst\u0103, sex, factori personali de risc \u0219i antecedente familiale. Acestea includ, printre altele, examin\u0103ri fizice, analize de laborator (cum ar fi markeri tumorali), analize de s\u00e2nge \u0219i urin\u0103, controlul pielii pentru modific\u0103ri suspecte \u0219i, dac\u0103 este necesar, teste speciale suplimentare.[\/vc_column_text]<\/div>[\/vc_column_inner][vc_column_inner width=&#8221;1\/2&#8243;]<div class=\"ult-animation  ult-animate-viewport  ult-no-mobile \" data-animate=\"fadeInRight\" data-animation-delay=\"0\" data-animation-duration=\"3\" data-animation-iteration=\"1\" style=\"opacity:0;\" data-opacity_start_effect=\"\">[vc_column_text css=&#8221;.vc_custom_1747733193797{margin-bottom: 0px !important;}&#8221;]La b\u0103rba\u021bi, accentul se pune, printre altele, pe preven\u021bia cancerului de prostat\u0103, iar la femei pe cancerul de s\u00e2n \u0219i cancerul de col uterin. De asemenea, preven\u021bia cancerului colorectal \u0219i screening-ul pentru cancerul de piele sunt componente importante ale medicinei moderne de preven\u021bie.<\/p>\n<p>Ne aloc\u0103m timp pentru o consiliere personalizat\u0103, v\u0103 inform\u0103m despre intervalele recomandate pentru investiga\u021bii \u0219i v\u0103 \u00eenso\u021bim pe tot parcursul procesului. Pentru noi, pe l\u00e2ng\u0103 calitatea medical\u0103, este important ca dumneavoastr\u0103 s\u0103 v\u0103 sim\u021bi\u021bi bine \u00eengrijit \u0219i informat. Profita\u021bi de oportunitatea prevenirii \u2013 pentru s\u0103n\u0103tatea \u0219i viitorul dumneavoastr\u0103.<\/p>\n<p>[\/vc_column_text]<\/div>[\/vc_column_inner][\/vc_row_inner]<div id=\"1588761257891-8d28fc5c-ee44\" class=\"dt-sc-empty-space\"><\/div>[\/vc_column][\/vc_row][vc_row][vc_column offset=&#8221;vc_hidden-lg&#8221;]<div class=\"ult-animation  ult-animate-viewport  ult-no-mobile \" data-animate=\"fadeInDown\" data-animation-delay=\"0\" data-animation-duration=\"3\" data-animation-iteration=\"1\" style=\"opacity:0;\" data-opacity_start_effect=\"\"><h1 class=\"aligncenter \" data-delay='0'>Screening pentru depistarea cancerului<\/h1><\/div>[vc_column_text css=&#8221;.vc_custom_1747733172395{margin-bottom: 0px !important;}&#8221;]Depistarea precoce poate salva vie\u021bi \u2013 acest aspect este deosebit de important mai ales \u00een cazul cancerului. Multe tipuri de cancer nu provoac\u0103 simptome pe o perioad\u0103 \u00eendelungat\u0103 \u0219i astfel r\u0103m\u00e2n neobservate. Totu\u0219i, prin controale regulate pentru depistarea cancerului, pot fi detectate din timp modific\u0103rile din corp care pot indica o posibil\u0103 afec\u021biune malign\u0103 \u2013 adesea chiar \u00eenainte de apari\u021bia simptomelor. Cu c\u00e2t o modificare malign\u0103 este depistat\u0103 mai devreme, cu at\u00e2t cresc \u0219ansele de vindecare \u0219i tratamentul poate fi mai pu\u021bin invaziv.[\/vc_column_text][vc_row_inner][vc_column_inner]<div class=\"ult-animation  ult-animate-viewport  ult-no-mobile \" data-animate=\"fadeInLeft\" data-animation-delay=\"0\" data-animation-duration=\"3\" data-animation-iteration=\"1\" style=\"opacity:0;\" data-opacity_start_effect=\"\">[vc_raw_html css=&#8221;&#8221;]JTNDcCUyMGNsYXNzJTNEJTIydGV4dCUyMGNvbGxhcHNlZCUyMiUzRSVDMyU4RW4lMjBjYWRydWwlMjBjYWJpbmV0dWx1aSUyMG5vc3RydSUyMHYlQzQlODMlMjBvZmVyaW0lMjBjb250cm9hbGUlMjBwcmV2ZW50aXZlJTIwY3VwcmlueiVDNCU4M3RvYXJlJTIwJUUyJTgwJTkzJTIwYWRhcHRhdGUlMjBpbmRpdmlkdWFsJTIwJUMzJUFFbiUyMGZ1bmMlQzglOUJpZSUyMGRlJTIwdiVDMyVBMnJzdCVDNCU4MyUyQyUyMHNleCUyQyUyMGZhY3RvcmklMjBwZXJzb25hbGklMjBkZSUyMHJpc2MlMjAlQzglOTlpJTIwYW50ZWNlZGVudGUlMjBmYW1pbGlhbGUuJTIwQWNlc3RlYSUyMGluY2x1ZCUyQyUyMHByaW50cmUlMjBhbHRlbGUlMkMlMjBleGFtaW4lQzQlODNyaSUyMGZpemljZSUyQyUyMGFuYWxpemUlMjBkZSUyMGxhYm9yYXRvciUyMCUyOGN1bSUyMGFyJTIwZmklMjBtYXJrZXJpJTIwdHVtb3JhbGklMjklMkMlMjBhbmFsaXplJTIwZGUlMjBzJUMzJUEybmdlJTIwJUM4JTk5aSUyMHVyaW4lQzQlODMlMkMlMjBjb250cm9sdWwlMjBwaWVsaWklMjBwZW50cnUlMjBtb2RpZmljJUM0JTgzcmklMjBzdXNwZWN0ZSUyMCVDOCU5OWklMkMlMjBkYWMlQzQlODMlMjBlc3RlJTIwbmVjZXNhciUyQyUyMHRlc3RlJTIwc3BlY2lhbGUlMjBzdXBsaW1lbnRhcmUuJTIwTGElMjBiJUM0JTgzcmJhJUM4JTlCaSUyQyUyMGFjY2VudHVsJTIwc2UlMjBwdW5lJTJDJTIwcHJpbnRyZSUyMGFsdGVsZSUyQyUyMHBlJTIwcHJldmVuJUM4JTlCaWElMjBjYW5jZXJ1bHVpJTIwZGUlMjBwcm9zdGF0JUM0JTgzJTJDJTIwaWFyJTIwbGElMjBmZW1laSUyMHBlJTIwY2FuY2VydWwlMjBkZSUyMHMlQzMlQTJuJTIwJUM4JTk5aSUyMGNhbmNlcnVsJTIwZGUlMjBjb2wlMjB1dGVyaW4uJTIwRGUlMjBhc2VtZW5lYSUyQyUyMHByZXZlbiVDOCU5QmlhJTIwY2FuY2VydWx1aSUyMGNvbG9yZWN0YWwlMjAlQzglOTlpJTIwc2NyZWVuaW5nLXVsJTIwcGVudHJ1JTIwY2FuY2VydWwlMjBkZSUyMHBpZWxlJTIwc3VudCUyMGNvbXBvbmVudGUlMjBpbXBvcnRhbnRlJTIwYWxlJTIwbWVkaWNpbmVpJTIwbW9kZXJuZSUyMGRlJTIwcHJldmVuJUM4JTlCaWUuJTBBJTBBTmUlMjBhbG9jJUM0JTgzbSUyMHRpbXAlMjBwZW50cnUlMjBvJTIwY29uc2lsaWVyZSUyMHBlcnNvbmFsaXphdCVDNCU4MyUyQyUyMHYlQzQlODMlMjBpbmZvcm0lQzQlODNtJTIwZGVzcHJlJTIwaW50ZXJ2YWxlbGUlMjByZWNvbWFuZGF0ZSUyMHBlbnRydSUyMGludmVzdGlnYSVDOCU5QmlpJTIwJUM4JTk5aSUyMHYlQzQlODMlMjAlQzMlQUVuc28lQzglOUJpbSUyMHBlJTIwdG90JTIwcGFyY3Vyc3VsJTIwcHJvY2VzdWx1aS4lMjBQZW50cnUlMjBub2klMkMlMjBwZSUyMGwlQzMlQTJuZyVDNCU4MyUyMGNhbGl0YXRlYSUyMG1lZGljYWwlQzQlODMlMkMlMjBlc3RlJTIwaW1wb3J0YW50JTIwY2ElMjBkdW1uZWF2b2FzdHIlQzQlODMlMjBzJUM0JTgzJTIwdiVDNCU4MyUyMHNpbSVDOCU5QmklQzglOUJpJTIwYmluZSUyMCVDMyVBRW5ncmlqaXQlMjAlQzglOTlpJTIwaW5mb3JtYXQuJTIwUHJvZml0YSVDOCU5QmklMjBkZSUyMG9wb3J0dW5pdGF0ZWElMjBwcmV2ZW5pcmlpJTIwJUUyJTgwJTkzJTIwcGVudHJ1JTIwcyVDNCU4M24lQzQlODN0YXRlYSUyMCVDOCU5OWklMjB2aWl0b3J1bCUyMGR1bW5lYXZvYXN0ciVDNCU4My4lMEElMEElM0MlMkZwJTNFJTBBJTBBJTNDYnV0dG9uJTIwY2xhc3MlM0QlMjJ0b2dnbGVidG4lMjIlM0VDaXRlJUM4JTk5dGUlMjBtYWklMjBtdWx0JTNDJTJGYnV0dG9uJTNFJTBBJTBBJTNDc2NyaXB0JTNFJTBBZG9jdW1lbnQuYWRkRXZlbnRMaXN0ZW5lciUyOCUyMkRPTUNvbnRlbnRMb2FkZWQlMjIlMkMlMjBmdW5jdGlvbiUyMCUyOCUyOSUyMCU3QiUwQSUyMCUyMGNvbnN0JTIwYnV0dG9ucyUyMCUzRCUyMGRvY3VtZW50LmdldEVsZW1lbnRzQnlDbGFzc05hbWUlMjglMjJ0b2dnbGVidG4lMjIlMjklM0IlMEElMEElMjAlMjBmb3IlMjAlMjhsZXQlMjBpJTIwJTNEJTIwMCUzQiUyMGklMjAlM0MlMjBidXR0b25zLmxlbmd0aCUzQiUyMGklMkIlMkIlMjklMjAlN0IlMEElMjAlMjAlMjAlMjBidXR0b25zJTVCaSU1RC5hZGRFdmVudExpc3RlbmVyJTI4JTIyY2xpY2slMjIlMkMlMjBmdW5jdGlvbiUyMCUyOCUyOSUyMCU3QiUwQSUyMCUyMCUyMCUyMCUyMCUyMGNvbnN0JTIwdGV4dCUyMCUzRCUyMHRoaXMucHJldmlvdXNFbGVtZW50U2libGluZyUzQiUwQSUwQSUyMCUyMCUyMCUyMCUyMCUyMHRleHQuY2xhc3NMaXN0LnRvZ2dsZSUyOCUyMmNvbGxhcHNlZCUyMiUyOSUzQiUwQSUyMCUyMCUyMCUyMCUyMCUyMHRoaXMudGV4dENvbnRlbnQlMjAlM0QlMjB0ZXh0LmNsYXNzTGlzdC5jb250YWlucyUyOCUyMmNvbGxhcHNlZCUyMiUyOSUyMCUzRiUyMCUyMkNpdGUlQzglOTl0ZSUyMG1haSUyMG11bHQlMjIlMjAlM0ElMjAlMjJDaXRlJUM4JTk5dGUlMjBtYWklMjBwdSVDOCU5QmluJTIyJTNCJTBBJTIwJTIwJTIwJTIwJTdEJTI5JTNCJTBBJTIwJTIwJTdEJTBBJTdEJTI5JTNCJTBBJTNDJTJGc2NyaXB0JTNF[\/vc_raw_html]<\/div>[\/vc_column_inner][\/vc_row_inner]<div id=\"1747729396820-1ba0aa43-7a82\" class=\"dt-sc-empty-space\"><\/div>[\/vc_column][\/vc_row][vc_row full_width=&#8221;stretch_row&#8221; css=&#8221;.vc_custom_1589801803668{background-color: #fafafa !important;}&#8221; el_class=&#8221;left-right-padding&#8221;][vc_column]<div class=\"ult-animation  ult-animate-viewport  ult-no-mobile  vc_custom_1747664820121\" data-animate=\"fadeInDown\" data-animation-delay=\"0\" data-animation-duration=\"3\" data-animation-iteration=\"1\" style=\"opacity:0;\" data-opacity_start_effect=\"\"><h3 class=\"aligncenter \" data-delay='0'>Procedura de examinare<\/h3><\/div><div class=\"ult-animation  ult-animate-viewport  ult-no-mobile \" data-animate=\"fadeInDown\" data-animation-delay=\"0\" data-animation-duration=\"3\" data-animation-iteration=\"1\" style=\"opacity:0;\" data-opacity_start_effect=\"\"><div class='dt-sc-tabs-horizontal-container  custom-img-title' data-effect='fade' data-delay='0'><ul class='dt-sc-tabs-horizontal'><li><a href=\"javascript:void(0);\"><img loading=\"lazy\" decoding=\"async\" width=\"78\" height=\"78\" src=\"https:\/\/praxis-palcu.de\/wp-content\/uploads\/2025\/04\/advice.webp\" class=\"attachment-full\" alt=\"\" title=\"advice\" \/>Consiliere<br \/>\nindividual\u0103<\/a><\/li><li><a href=\"javascript:void(0);\"><img loading=\"lazy\" decoding=\"async\" width=\"78\" height=\"78\" src=\"https:\/\/praxis-palcu.de\/wp-content\/uploads\/2025\/04\/speech-bubble.webp\" class=\"attachment-full\" alt=\"\" title=\"speech-bubble\" \/>Anamnez\u0103 \u0219i colectare a<br \/>\ninforma\u021biilor relevante<\/a><\/li><li><a href=\"javascript:void(0);\"><img loading=\"lazy\" decoding=\"async\" width=\"78\" height=\"78\" src=\"https:\/\/praxis-palcu.de\/wp-content\/uploads\/2025\/04\/body-check.webp\" class=\"attachment-full\" alt=\"\" title=\"body-check\" \/>Examinare<br \/>\nfizic\u0103<\/a><\/li><li><a href=\"javascript:void(0);\"><img loading=\"lazy\" decoding=\"async\" width=\"78\" height=\"78\" src=\"https:\/\/praxis-palcu.de\/wp-content\/uploads\/2025\/06\/microscope2.webp\" class=\"attachment-full\" alt=\"\" title=\"microscope(2)\" \/>Analize de<br \/>\nlaborator<\/a><\/li><li><a href=\"javascript:void(0);\"><img loading=\"lazy\" decoding=\"async\" width=\"78\" height=\"78\" src=\"https:\/\/praxis-palcu.de\/wp-content\/uploads\/2025\/04\/examination2.webp\" class=\"attachment-full\" alt=\"\" title=\"examination(2)\" \/>Investiga\u021bii speciale<br \/>\n(\u00een func\u021bie de sex \u0219i programul de preven\u021bie)<\/a><\/li><li><a href=\"javascript:void(0);\"><img loading=\"lazy\" decoding=\"async\" width=\"78\" height=\"78\" src=\"https:\/\/praxis-palcu.de\/wp-content\/uploads\/2025\/04\/research.webp\" class=\"attachment-full\" alt=\"\" title=\"research\" \/>Discu\u021bia rezultatelor \u0219i<br \/>\nrecomand\u0103ri suplimentare<\/a><\/li><\/ul><div class='dt-sc-tabs-horizontal-content'>[vc_row_inner][vc_column_inner width=&#8221;1\/6&#8243;][\/vc_column_inner][vc_column_inner width=&#8221;2\/3&#8243;][vc_column_text css=&#8221;&#8221;]La \u00eenceput stabilim \u00eempreun\u0103 ce investiga\u021bii preventive sunt potrivite pentru dumneavoastr\u0103 \u2013 \u00een func\u021bie de v\u00e2rst\u0103, sex, antecedente familiale \u0219i factori individuali de risc.<\/p>\n<p>[\/vc_column_text][\/vc_column_inner][vc_column_inner width=&#8221;1\/6&#8243;][\/vc_column_inner][\/vc_row_inner]<\/div><div class='dt-sc-tabs-horizontal-content'>[vc_row_inner][vc_column_inner width=&#8221;1\/6&#8243;][\/vc_column_inner][vc_column_inner width=&#8221;2\/3&#8243;][vc_column_text css=&#8221;&#8221;]Discut\u0103m despre istoricul dumneavoastr\u0103 medical, simptomele prezente, obiceiurile de via\u021b\u0103 \u0219i, dac\u0103 este cazul, rezultatele investiga\u021biilor anterioare.<\/p>\n<p>[\/vc_column_text][\/vc_column_inner][vc_column_inner width=&#8221;1\/6&#8243;][\/vc_column_inner][\/vc_row_inner]<\/div><div class='dt-sc-tabs-horizontal-content'>[vc_row_inner][vc_column_inner width=&#8221;1\/6&#8243;][\/vc_column_inner][vc_column_inner width=&#8221;2\/3&#8243;][vc_column_text css=&#8221;&#8221;]\u00cen func\u021bie de tipul investiga\u021biei preventive, se efectueaz\u0103 un examen fizic \u021bintit, de exemplu palparea ganglionilor limfatici, a s\u00e2nilor, a prostatei sau controlul modific\u0103rilor vizibile ale pielii.[\/vc_column_text][\/vc_column_inner][vc_column_inner width=&#8221;1\/6&#8243;][\/vc_column_inner][\/vc_row_inner]<\/div><div class='dt-sc-tabs-horizontal-content'>[vc_row_inner][vc_column_inner width=&#8221;1\/6&#8243;][\/vc_column_inner][vc_column_inner width=&#8221;2\/3&#8243;][vc_column_text css=&#8221;&#8221;]Dac\u0103 este necesar, se recolteaz\u0103 probe de s\u00e2nge \u2013 de exemplu pentru determinarea unor markeri tumorali specifici sau a altor valori de risc. De asemenea, probe de urin\u0103 sau de scaun pot face parte din investiga\u021bia preventiv\u0103 (de exemplu, \u00een cazul screening-ului pentru cancerul colorectal).<br \/>\n[\/vc_column_text][\/vc_column_inner][vc_column_inner width=&#8221;1\/6&#8243;][\/vc_column_inner][\/vc_row_inner]<\/div><div class='dt-sc-tabs-horizontal-content'>[vc_row_inner][vc_column_inner width=&#8221;1\/6&#8243;][\/vc_column_inner][vc_column_inner width=&#8221;2\/3&#8243;][vc_column_text css=&#8221;&#8221;]<em>&#8211; La femei: eventual frotiu de col uterin, examinare a s\u00e2nilor<\/em><br \/>\n<em>&#8211; La b\u0103rba\u021bi: palparea prostatei, eventual determinarea valorii PSA<\/em><br \/>\n<em>&#8211; Pentru ambele sexe: eventual screening pentru cancer de piele, preven\u021bia cancerului colorectal (test de scaun, consiliere privind colonoscopia)<\/em>[\/vc_column_text][\/vc_column_inner][vc_column_inner width=&#8221;1\/6&#8243;][\/vc_column_inner][\/vc_row_inner]<\/div><div class='dt-sc-tabs-horizontal-content'>[vc_row_inner][vc_column_inner width=&#8221;1\/6&#8243;][\/vc_column_inner][vc_column_inner width=&#8221;2\/3&#8243;][vc_column_text css=&#8221;&#8221;]De \u00eendat\u0103 ce toate rezultatele sunt disponibile, vi le explic\u0103m clar \u0219i, dac\u0103 este cazul, discut\u0103m m\u0103surile suplimentare necesare, program\u0103rile pentru controale sau investiga\u021biile complementare.[\/vc_column_text][\/vc_column_inner][vc_column_inner width=&#8221;1\/6&#8243;][\/vc_column_inner][\/vc_row_inner]<\/div><\/div><\/div>[\/vc_column][\/vc_row]<\/p>\n<\/div>","protected":false},"excerpt":{"rendered":"<p>[vc_row][vc_column offset=&#8221;vc_hidden-md vc_hidden-sm vc_hidden-xs&#8221;][vc_row_inner][vc_column_inner width=&#8221;1\/2&#8243;][\/vc_column_inner][vc_column_inner width=&#8221;1\/2&#8243;][\/vc_column_inner][\/vc_row_inner][\/vc_column][\/vc_row][vc_row][vc_column offset=&#8221;vc_hidden-lg&#8221;][vc_column_text css=&#8221;.vc_custom_1747733172395{margin-bottom: 0px !important;}&#8221;]Depistarea precoce poate salva vie\u021bi \u2013 acest aspect este deosebit de important mai ales \u00een cazul cancerului. Multe tipuri de cancer nu provoac\u0103 simptome pe o perioad\u0103 \u00eendelungat\u0103 \u0219i astfel r\u0103m\u00e2n neobservate. Totu\u0219i, prin controale regulate pentru depistarea cancerului, pot fi detectate din timp modific\u0103rile din [&hellip;]<\/p>\n","protected":false},"author":2,"featured_media":0,"parent":0,"menu_order":0,"comment_status":"closed","ping_status":"closed","template":"","meta":{"inline_featured_image":false,"footnotes":""},"class_list":["post-22602","page","type-page","status-publish","hentry"],"_links":{"self":[{"href":"https:\/\/praxis-palcu.de\/ro\/wp-json\/wp\/v2\/pages\/22602","targetHints":{"allow":["GET"]}}],"collection":[{"href":"https:\/\/praxis-palcu.de\/ro\/wp-json\/wp\/v2\/pages"}],"about":[{"href":"https:\/\/praxis-palcu.de\/ro\/wp-json\/wp\/v2\/types\/page"}],"author":[{"embeddable":true,"href":"https:\/\/praxis-palcu.de\/ro\/wp-json\/wp\/v2\/users\/2"}],"replies":[{"embeddable":true,"href":"https:\/\/praxis-palcu.de\/ro\/wp-json\/wp\/v2\/comments?post=22602"}],"version-history":[{"count":0,"href":"https:\/\/praxis-palcu.de\/ro\/wp-json\/wp\/v2\/pages\/22602\/revisions"}],"wp:attachment":[{"href":"https:\/\/praxis-palcu.de\/ro\/wp-json\/wp\/v2\/media?parent=22602"}],"curies":[{"name":"wp","href":"https:\/\/api.w.org\/{rel}","templated":true}]}}